{"id":48,"date":"2022-05-04T16:31:05","date_gmt":"2022-05-04T13:31:05","guid":{"rendered":"https:\/\/zbakkal.com\/?post_type=product&#038;p=48"},"modified":"2024-12-04T14:49:54","modified_gmt":"2024-12-04T11:49:54","slug":"48","status":"publish","type":"product","link":"https:\/\/zbakkal.com\/?product=48","title":{"rendered":"\u00f6zel dikim"},"content":{"rendered":"<p><b>odel Bilgileri:\u00a0<\/b>Boy: 172cm Kilo: 50kg G\u00f6\u011f\u00fcs: 84cm Bel: 67cm Basen: 94cm Beden: 36<\/p>\n<p><b>* Kalite Garantisi:<\/b>\u00a0\u00a0Sitemizdeki \u00fcr\u00fcn foto\u011fraflar\u0131n\u0131n tamam\u0131 kendi st\u00fcdyomuzda orijinal \u00fcr\u00fcnlerle \u00e7ekilmektedir. Hi\u00e7bir \u00fcr\u00fcn foto\u011fraf\u0131 temsili foto\u011fraf de\u011fildir. Sat\u0131n alaca\u011f\u0131n\u0131z t\u00fcm \u00fcr\u00fcnler foto\u011frafta g\u00f6r\u00fcld\u00fc\u011f\u00fc gibi elinize ula\u015facakt\u0131r. Photoshop ya da farkl\u0131 y\u00f6ntemlerle kesinlikle duru\u015funda bir oynama yap\u0131lmamaktad\u0131r. TSE belgeli 1. kalite \u00f6zel kuma\u015flarla haz\u0131rlanan abiye elbiseler\u00a0firmam\u0131z\u0131n garantisi alt\u0131ndad\u0131r.<br \/>\n<b>*\u00a0<\/b><b>Fiyat Garantisi:\u00a0<\/b>\u00a0Abiyefon d\u00fcnya genelinde fiyat garantisi verir.<b>\u00a0<\/b>Sitemizden sat\u0131n ald\u0131\u011f\u0131n\u0131z \u00fcr\u00fcn\u00fc\/\u00fcr\u00fcnleri (7 g\u00fcn i\u00e7erisinde) ba\u015fka bir e-ticaret sitesinde daha uygun fiyata bulman\u0131z durumunda aradaki fark an\u0131nda hesab\u0131n\u0131za geri y\u00fcklenecektir.<\/p>\n","protected":false},"excerpt":{"rendered":"<p><img loading=\"lazy\" decoding=\"async\" class=\"alignnone wp-image-52\" src=\"https:\/\/zbakkal.com\/wp-content\/uploads\/2022\/05\/3-300x169.png\" alt=\"\" width=\"172\" height=\"97\" srcset=\"https:\/\/zbakkal.com\/wp-content\/uploads\/2022\/05\/3-300x169.png 300w, https:\/\/zbakkal.com\/wp-content\/uploads\/2022\/05\/3.png 345w\" sizes=\"auto, (max-width: 172px) 100vw, 172px\" \/><\/p>\n<p><strong>Renk:<\/strong> siyah<br \/>\n<strong>Uzunluk:<\/strong>\u00a0<em>Uzun<\/em><br \/>\n<strong id=\"size_key\">Beden:<\/strong>\u00a0<em>36, 38, 40, 42<\/em><br \/>\n<strong>Dekolte:<\/strong>\u00a0<em>S\u0131rt, Y\u0131rtma\u00e7l\u0131<\/em><br \/>\n<strong>Yaka Tipi:<\/strong>\u00a0<em>Ask\u0131l\u0131<\/em><br \/>\n<strong>Kuma\u015f:<\/strong>\u00a0<em>Dantel, Simli<\/em><br \/>\n<strong>Kol Tipi:<\/strong>\u00a0<em>Kolsuz<\/em><\/p>\n<p><strong>G\u00f6\u011f\u00fcs Pedi:<\/strong>\u00a0Va<\/p>\n","protected":false},"featured_media":50,"comment_status":"open","ping_status":"closed","template":"","meta":[],"product_cat":[16],"product_tag":[],"class_list":{"0":"post-48","1":"product","2":"type-product","3":"status-publish","4":"has-post-thumbnail","6":"product_cat-abiye","8":"first","9":"instock","10":"shipping-taxable","11":"purchasable","12":"product-type-variable"},"_links":{"self":[{"href":"https:\/\/zbakkal.com\/index.php?rest_route=\/wp\/v2\/product\/48","targetHints":{"allow":["GET"]}}],"collection":[{"href":"https:\/\/zbakkal.com\/index.php?rest_route=\/wp\/v2\/product"}],"about":[{"href":"https:\/\/zbakkal.com\/index.php?rest_route=\/wp\/v2\/types\/product"}],"replies":[{"embeddable":true,"href":"https:\/\/zbakkal.com\/index.php?rest_route=%2Fwp%2Fv2%2Fcomments&post=48"}],"wp:featuredmedia":[{"embeddable":true,"href":"https:\/\/zbakkal.com\/index.php?rest_route=\/wp\/v2\/media\/50"}],"wp:attachment":[{"href":"https:\/\/zbakkal.com\/index.php?rest_route=%2Fwp%2Fv2%2Fmedia&parent=48"}],"wp:term":[{"taxonomy":"product_cat","embeddable":true,"href":"https:\/\/zbakkal.com\/index.php?rest_route=%2Fwp%2Fv2%2Fproduct_cat&post=48"},{"taxonomy":"product_tag","embeddable":true,"href":"https:\/\/zbakkal.com\/index.php?rest_route=%2Fwp%2Fv2%2Fproduct_tag&post=48"}],"curies":[{"name":"wp","href":"https:\/\/api.w.org\/{rel}","templated":true}]}}