{"id":65,"date":"2022-05-04T16:42:52","date_gmt":"2022-05-04T13:42:52","guid":{"rendered":"https:\/\/zbakkal.com\/?post_type=product&#038;p=65"},"modified":"2022-05-04T16:42:52","modified_gmt":"2022-05-04T13:42:52","slug":"etek","status":"publish","type":"product","link":"https:\/\/zbakkal.com\/?product=etek","title":{"rendered":"etek"},"content":{"rendered":"<p><strong>Renk:<\/strong><br \/>\n<strong>Uzunluk:<\/strong>\u00a0<em>K\u0131sa<\/em><br \/>\n<strong id=\"size_key\">Beden:<\/strong>\u00a0<em>36, 38, 40, 42, 44<\/em><br \/>\n<strong>Dekolte:<\/strong>\u00a0<em>Dekoltesiz<\/em><br \/>\n<strong>Yaka Tipi:<\/strong>\u00a0<em>Kruvaze Yaka, V Yaka<\/em><br \/>\n<strong>Kuma\u015f:<\/strong>\u00a0<em>\u015eifon<\/em><br \/>\n<strong>Kol Tipi:<\/strong>\u00a0<em>Kapri Kol, Uzun Kol<\/em><\/p>\n<p><strong>G\u00f6\u011f\u00fcs Pedi:<\/strong>\u00a0Var<\/p>\n<p><strong>Astar:<\/strong>\u00a0Var<\/p>\n<p>Bu modelimizin dar kal\u0131p olmas\u0131ndan dolay\u0131 bir b\u00fcy\u00fck bedeni tercih etmenizi \u00f6neririz.<\/p>\n<p><b>* Model Bilgileri:\u00a0<\/b>Boy: 175cm Kilo:58kg G\u00f6\u011f\u00fcs: 87cm Bel: 65cm Basen: 94cm Beden: 38<\/p>\n<p><b>* Kalite Garantisi:<\/b>\u00a0\u00a0Sitemizdeki \u00fcr\u00fcn foto\u011fraflar\u0131n\u0131n tamam\u0131 kendi st\u00fcdyomuzda orijinal \u00fcr\u00fcnlerle \u00e7ekilmektedir. Hi\u00e7bir \u00fcr\u00fcn foto\u011fraf\u0131 temsili foto\u011fraf de\u011fildir. Sat\u0131n alaca\u011f\u0131n\u0131z t\u00fcm \u00fcr\u00fcnler foto\u011frafta g\u00f6r\u00fcld\u00fc\u011f\u00fc gibi elinize ula\u015facakt\u0131r. Photoshop ya da farkl\u0131 y\u00f6ntemlerle kesinlikle duru\u015funda bir oynama yap\u0131lmamaktad\u0131r. TSE belgeli 1. kalite \u00f6zel kuma\u015flarla haz\u0131rlanan abiye elbiseler\u00a0firmam\u0131z\u0131n garantisi alt\u0131ndad\u0131r.<\/p>\n","protected":false},"excerpt":{"rendered":"<p><img loading=\"lazy\" decoding=\"async\" class=\"alignnone size-medium wp-image-52\" src=\"https:\/\/zbakkal.com\/wp-content\/uploads\/2022\/05\/3-300x169.png\" alt=\"\" width=\"300\" height=\"169\" srcset=\"https:\/\/zbakkal.com\/wp-content\/uploads\/2022\/05\/3-300x169.png 300w, https:\/\/zbakkal.com\/wp-content\/uploads\/2022\/05\/3.png 345w\" sizes=\"auto, (max-width: 300px) 100vw, 300px\" \/><\/p>\n<p><strong>Renk:<\/strong><br \/>\n<strong>Uzunluk:<\/strong>\u00a0<em>K\u0131sa<\/em><br \/>\n<strong id=\"size_key\">Beden:<\/strong>\u00a0<em>36, 38, 40, 42, 44<\/em><br \/>\n<strong>Dekolte:<\/strong>\u00a0<em>Dekoltesiz<\/em><br \/>\n<strong>Yaka Tipi:<\/strong>\u00a0<em>Kruvaze Yaka, V Yaka<\/em><br \/>\n<strong>Kuma\u015f:<\/strong>\u00a0<em>\u015eifon<\/em><br \/>\n<strong>Kol Tipi:<\/strong>\u00a0<em>Kapri Kol, Uzun Kol<\/em><\/p>\n<p><strong>G\u00f6\u011f\u00fcs Pedi:<\/strong>\u00a0Var<\/p>\n<p><strong>Astar:<\/strong>\u00a0Var<\/p>\n<p>Bu modelimizin dar kal\u0131p olmas\u0131ndan dolay\u0131 bir b\u00fcy\u00fck bedeni tercih etmenizi \u00f6neririz.<\/p>\n<p><b>* Model Bilgileri:\u00a0<\/b>Boy: 175cm Kilo:58kg G\u00f6\u011f\u00fcs: 87cm Bel: 65cm Basen: 94cm Beden: 38<\/p>\n<p><b>* Kalite Garantisi:<\/b>\u00a0\u00a0Sitemizdeki \u00fcr\u00fcn foto\u011fraflar\u0131n\u0131n tamam\u0131 kendi st\u00fcdyomuzda orijinal \u00fcr\u00fcnlerle \u00e7ekilmektedir. Hi\u00e7bir \u00fcr\u00fcn foto\u011fraf\u0131 temsili foto\u011fraf de\u011fildir. Sat\u0131n alaca\u011f\u0131n\u0131z t\u00fcm \u00fcr\u00fcnler foto\u011frafta g\u00f6r\u00fcld\u00fc\u011f\u00fc gibi elinize ula\u015facakt\u0131r. Photoshop ya da farkl\u0131 y\u00f6ntemlerle kesinlikle duru\u015funda bir oynama yap\u0131lmamaktad\u0131r. TSE belgeli 1. kalite \u00f6zel kuma\u015flarla haz\u0131rlanan abiye elbiseler\u00a0firmam\u0131z\u0131n garantisi alt\u0131ndad\u0131r.<\/p>\n","protected":false},"featured_media":67,"comment_status":"open","ping_status":"closed","template":"","meta":[],"product_cat":[21],"product_tag":[],"class_list":{"0":"post-65","1":"product","2":"type-product","3":"status-publish","4":"has-post-thumbnail","6":"product_cat-etek","8":"first","9":"instock","10":"sale","11":"shipping-taxable","12":"purchasable","13":"product-type-variable"},"_links":{"self":[{"href":"https:\/\/zbakkal.com\/index.php?rest_route=\/wp\/v2\/product\/65","targetHints":{"allow":["GET"]}}],"collection":[{"href":"https:\/\/zbakkal.com\/index.php?rest_route=\/wp\/v2\/product"}],"about":[{"href":"https:\/\/zbakkal.com\/index.php?rest_route=\/wp\/v2\/types\/product"}],"replies":[{"embeddable":true,"href":"https:\/\/zbakkal.com\/index.php?rest_route=%2Fwp%2Fv2%2Fcomments&post=65"}],"wp:featuredmedia":[{"embeddable":true,"href":"https:\/\/zbakkal.com\/index.php?rest_route=\/wp\/v2\/media\/67"}],"wp:attachment":[{"href":"https:\/\/zbakkal.com\/index.php?rest_route=%2Fwp%2Fv2%2Fmedia&parent=65"}],"wp:term":[{"taxonomy":"product_cat","embeddable":true,"href":"https:\/\/zbakkal.com\/index.php?rest_route=%2Fwp%2Fv2%2Fproduct_cat&post=65"},{"taxonomy":"product_tag","embeddable":true,"href":"https:\/\/zbakkal.com\/index.php?rest_route=%2Fwp%2Fv2%2Fproduct_tag&post=65"}],"curies":[{"name":"wp","href":"https:\/\/api.w.org\/{rel}","templated":true}]}}