{"id":73,"date":"2022-05-04T17:00:21","date_gmt":"2022-05-04T14:00:21","guid":{"rendered":"https:\/\/zbakkal.com\/?post_type=product&#038;p=73"},"modified":"2022-05-10T00:00:24","modified_gmt":"2022-05-09T21:00:24","slug":"ozel-dikim","status":"publish","type":"product","link":"https:\/\/zbakkal.com\/?product=ozel-dikim","title":{"rendered":"\u00f6zel dikim"},"content":{"rendered":"<ul>\n<li>Orijinal Kod: MR211110GLS<\/li>\n<\/ul>\n","protected":false},"excerpt":{"rendered":"<p><img loading=\"lazy\" decoding=\"async\" class=\"alignnone wp-image-52\" src=\"https:\/\/zbakkal.com\/wp-content\/uploads\/2022\/05\/3-300x169.png\" alt=\"\" width=\"130\" height=\"74\" srcset=\"https:\/\/zbakkal.com\/wp-content\/uploads\/2022\/05\/3-300x169.png 300w, https:\/\/zbakkal.com\/wp-content\/uploads\/2022\/05\/3.png 345w\" sizes=\"auto, (max-width: 130px) 100vw, 130px\" \/><small><\/small><\/p>\n<ul class=\"product-detail__info-list\">\n<li>\u00dcR\u00dcN KODU:\u00a0<small>M868238565604<\/small><\/li>\n<li>MARKA:\u00a0<small>MONSE<\/small><\/li>\n<li>OR\u0130J\u0130NAL \u00dcR\u00dcN KODU:\u00a0<small>MR211110GLS<\/small><\/li>\n<li>\u00dcR\u00dcN GRUBU:\u00a0<small>Ceket<\/small><\/li>\n<li>LIFESTYLE:\u00a0<small>Trend<\/small><\/li>\n<\/ul>\n","protected":false},"featured_media":75,"comment_status":"open","ping_status":"closed","template":"","meta":[],"product_cat":[21],"product_tag":[],"class_list":{"0":"post-73","1":"product","2":"type-product","3":"status-publish","4":"has-post-thumbnail","6":"product_cat-etek","8":"first","9":"instock","10":"shipping-taxable","11":"purchasable","12":"product-type-simple"},"_links":{"self":[{"href":"https:\/\/zbakkal.com\/index.php?rest_route=\/wp\/v2\/product\/73","targetHints":{"allow":["GET"]}}],"collection":[{"href":"https:\/\/zbakkal.com\/index.php?rest_route=\/wp\/v2\/product"}],"about":[{"href":"https:\/\/zbakkal.com\/index.php?rest_route=\/wp\/v2\/types\/product"}],"replies":[{"embeddable":true,"href":"https:\/\/zbakkal.com\/index.php?rest_route=%2Fwp%2Fv2%2Fcomments&post=73"}],"wp:featuredmedia":[{"embeddable":true,"href":"https:\/\/zbakkal.com\/index.php?rest_route=\/wp\/v2\/media\/75"}],"wp:attachment":[{"href":"https:\/\/zbakkal.com\/index.php?rest_route=%2Fwp%2Fv2%2Fmedia&parent=73"}],"wp:term":[{"taxonomy":"product_cat","embeddable":true,"href":"https:\/\/zbakkal.com\/index.php?rest_route=%2Fwp%2Fv2%2Fproduct_cat&post=73"},{"taxonomy":"product_tag","embeddable":true,"href":"https:\/\/zbakkal.com\/index.php?rest_route=%2Fwp%2Fv2%2Fproduct_tag&post=73"}],"curies":[{"name":"wp","href":"https:\/\/api.w.org\/{rel}","templated":true}]}}